{"id":2,"date":"2014-06-05T18:27:47","date_gmt":"2014-06-05T18:27:47","guid":{"rendered":"http:\/\/www.puuvigurid.ee\/?page_id=2"},"modified":"2014-06-10T01:46:01","modified_gmt":"2014-06-09T22:46:01","slug":"demoleht","status":"publish","type":"page","link":"https:\/\/www.puuvigurid.ee\/","title":{"rendered":"Puuvigurid"},"content":{"rendered":"<p>Puuvigurid O\u00dc valmistab puittooteid eritellimuse alusel.<br \/>\nKliendil on v\u00f5imalik soetada kvaliteetne ja unikaalne toode, mis vastab t\u00e4pselt tema soovidele ja vajadustele.<\/p>\n<p>Meie tootevalik on v\u00e4ga lai: aknad, uksed, trepid, liistud, k\u00e4sipuud, klaas- ja puit vaheseinad, erinevad puitdetailid ning m\u00f6\u00f6bel (kapid, voodid, lauad, jne). Tooteid valmistame nii t\u00e4ispuidust kui ka plaatmaterjalidest.<\/p>\n<p>Oleme teinud t\u00f6id mitmetele erinevatele projektidele &#8211; sisustanud mitmete ettev\u00f5tete kontoreid, hotelle,  teinud m\u00f6\u00f6blit baaridele, restoranidele ja pubidele ning oleme oma k\u00e4ej\u00e4lje j\u00e4tnud ka paljutesse eramutesse.<br \/>\n<div id='MicrosoftTranslatorWidget' class='bing-translator-widget Dark' style='color:white;background-color:#555555'><\/div><script type='text\/javascript'>setTimeout(function(){{var s=document.createElement('script');s.type='text\/javascript';s.charset='UTF-8';s.src=((location && location.href && location.href.indexOf('https') == 0)?'https:\/\/ssl.microsofttranslator.com':'http:\/\/www.microsofttranslator.com')+'\/ajax\/v3\/WidgetV3.ashx?siteData=ueOIGRSKkd965FeEGM5JtQ**&ctf=True&ui=true&settings=Manual&from=';var p=document.getElementsByTagName('head')[0]||document.documentElement;p.insertBefore(s,p.firstChild); }},0);<\/script><\/p>\n","protected":false},"excerpt":{"rendered":"<p>Puuvigurid O\u00dc valmistab puittooteid eritellimuse alusel. Kliendil on v\u00f5imalik soetada kvaliteetne ja unikaalne toode, mis vastab t\u00e4pselt tema soovidele ja vajadustele. Meie tootevalik on v\u00e4ga lai: aknad, uksed, trepid, liistud, k\u00e4sipuud, klaas- ja puit vaheseinad, erinevad puitdetailid ning m\u00f6\u00f6bel (kapid, voodid, lauad, jne). Tooteid valmistame nii t\u00e4ispuidust kui ka plaatmaterjalidest. Oleme teinud t\u00f6id mitmetele erinevatele [&hellip;]<\/p>\n","protected":false},"author":1,"featured_media":0,"parent":0,"menu_order":0,"comment_status":"closed","ping_status":"open","template":"","meta":{"ngg_post_thumbnail":0},"_links":{"self":[{"href":"https:\/\/www.puuvigurid.ee\/index.php?rest_route=\/wp\/v2\/pages\/2"}],"collection":[{"href":"https:\/\/www.puuvigurid.ee\/index.php?rest_route=\/wp\/v2\/pages"}],"about":[{"href":"https:\/\/www.puuvigurid.ee\/index.php?rest_route=\/wp\/v2\/types\/page"}],"author":[{"embeddable":true,"href":"https:\/\/www.puuvigurid.ee\/index.php?rest_route=\/wp\/v2\/users\/1"}],"replies":[{"embeddable":true,"href":"https:\/\/www.puuvigurid.ee\/index.php?rest_route=%2Fwp%2Fv2%2Fcomments&post=2"}],"version-history":[{"count":8,"href":"https:\/\/www.puuvigurid.ee\/index.php?rest_route=\/wp\/v2\/pages\/2\/revisions"}],"predecessor-version":[{"id":16,"href":"https:\/\/www.puuvigurid.ee\/index.php?rest_route=\/wp\/v2\/pages\/2\/revisions\/16"}],"wp:attachment":[{"href":"https:\/\/www.puuvigurid.ee\/index.php?rest_route=%2Fwp%2Fv2%2Fmedia&parent=2"}],"curies":[{"name":"wp","href":"https:\/\/api.w.org\/{rel}","templated":true}]}}